{"id":489,"date":"2024-11-28T14:40:16","date_gmt":"2024-11-28T14:40:16","guid":{"rendered":"https:\/\/wordpress-test.innlog.fr\/?page_id=489"},"modified":"2024-11-28T14:40:17","modified_gmt":"2024-11-28T14:40:17","slug":"mentions-legales","status":"publish","type":"page","link":"https:\/\/wordpress-test.innlog.fr\/?page_id=489","title":{"rendered":"Mentions l\u00e9gales"},"content":{"rendered":"<p>[et_pb_section fb_built=\u00a0\u00bb1&Prime; _builder_version=\u00a0\u00bb4.27.2&Prime; _module_preset=\u00a0\u00bbdefault\u00a0\u00bb background_image=\u00a0\u00bbhttps:\/\/wordpress-test.innlog.fr\/wp-content\/uploads\/2024\/11\/Home-_-Innlog-2.svg\u00a0\u00bb background_position=\u00a0\u00bbtop_center\u00a0\u00bb global_colors_info=\u00a0\u00bb{}\u00a0\u00bb theme_builder_area=\u00a0\u00bbpost_content\u00a0\u00bb custom_padding=\u00a0\u00bb||114px|||\u00a0\u00bb][et_pb_row _builder_version=\u00a0\u00bb4.25.1&Prime; _module_preset=\u00a0\u00bbdefault\u00a0\u00bb global_colors_info=\u00a0\u00bb{}\u00a0\u00bb theme_builder_area=\u00a0\u00bbpost_content\u00a0\u00bb][et_pb_column type=\u00a0\u00bb4_4&Prime; _builder_version=\u00a0\u00bb4.25.1&Prime; _module_preset=\u00a0\u00bbdefault\u00a0\u00bb global_colors_info=\u00a0\u00bb{}\u00a0\u00bb theme_builder_area=\u00a0\u00bbpost_content\u00a0\u00bb][et_pb_text _builder_version=\u00a0\u00bb4.27.4&Prime; _module_preset=\u00a0\u00bbdefault\u00a0\u00bb text_font=\u00a0\u00bb|700|||||||\u00a0\u00bb text_text_color=\u00a0\u00bb#042a1a\u00a0\u00bb text_font_size=\u00a0\u00bb48px\u00a0\u00bb header_font=\u00a0\u00bb|700|||||||\u00a0\u00bb header_text_color=\u00a0\u00bb#041a1a\u00a0\u00bb header_font_size=\u00a0\u00bb48px\u00a0\u00bb header_line_height=\u00a0\u00bb1.2em\u00a0\u00bb custom_margin=\u00a0\u00bb0px||0px||false|false\u00a0\u00bb custom_padding=\u00a0\u00bb||3px||false|false\u00a0\u00bb hover_enabled=\u00a0\u00bb0&Prime; global_colors_info=\u00a0\u00bb{}\u00a0\u00bb theme_builder_area=\u00a0\u00bbpost_content\u00a0\u00bb sticky_enabled=\u00a0\u00bb0&Prime;]<\/p>\n<h1 style=\"text-align: center;\">Mentions l\u00e9gales<\/h1>\n<p><jarvis-injection style=\"position: absolute; left: 77.7499px; top: 123.438px; z-index: 2147483647;\"><\/jarvis-injection><\/p>\n<p>[\/et_pb_text][\/et_pb_column][\/et_pb_row][\/et_pb_section][et_pb_section fb_built=\u00a0\u00bb1&Prime; _builder_version=\u00a0\u00bb4.27.2&Prime; _module_preset=\u00a0\u00bbdefault\u00a0\u00bb global_colors_info=\u00a0\u00bb{}\u00a0\u00bb theme_builder_area=\u00a0\u00bbpost_content\u00a0\u00bb][et_pb_row _builder_version=\u00a0\u00bb4.27.4&Prime; _module_preset=\u00a0\u00bbdefault\u00a0\u00bb theme_builder_area=\u00a0\u00bbpost_content\u00a0\u00bb column_structure=\u00a0\u00bb1_2,1_2&Prime;][et_pb_column _builder_version=\u00a0\u00bb4.27.4&Prime; _module_preset=\u00a0\u00bbdefault\u00a0\u00bb type=\u00a0\u00bb1_2&Prime; theme_builder_area=\u00a0\u00bbpost_content\u00a0\u00bb][et_pb_toggle title=\u00a0\u00bb\u00c9diteur du site \u00a0\u00bb _builder_version=\u00a0\u00bb4.27.4&Prime; _module_preset=\u00a0\u00bbdefault\u00a0\u00bb theme_builder_area=\u00a0\u00bbpost_content\u00a0\u00bb open_toggle_background_color=\u00a0\u00bb#FFFFFF\u00a0\u00bb closed_toggle_background_color=\u00a0\u00bb#FFFFFF\u00a0\u00bb border_radii=\u00a0\u00bbon|20px|20px|20px|20px\u00a0\u00bb icon_color=\u00a0\u00bb#43CC81&Prime; toggle_icon=\u00a0\u00bb&#x22;||divi||400&Prime; open_toggle_icon=\u00a0\u00bb&#x21;||divi||400&Prime; open_icon_color=\u00a0\u00bb#43CC81&Prime; open_toggle_text_color=\u00a0\u00bb#042A1A\u00a0\u00bb title_text_color=\u00a0\u00bb#042A1A\u00a0\u00bb border_color_all=\u00a0\u00bb#042A1A\u00a0\u00bb hover_enabled=\u00a0\u00bb0&Prime; sticky_enabled=\u00a0\u00bb0&Prime;]<\/p>\n<p><strong>Raison sociale :<\/strong> Innlog<br \/><strong>Capital social :<\/strong> 76 240 euros<br \/><strong>Forme juridique :<\/strong> Soci\u00e9t\u00e9 par actions simplifi\u00e9e<br \/><strong>RCS : <\/strong><span>RCS La Roche-Sur-Yon 440 523 207<\/span><br \/><strong>TVA intracommunautaire :<\/strong> FR20440523207<br \/><strong>Adresse du si\u00e8ge social :<\/strong> <br \/>85 rue des primev\u00e8res <br \/>85340 Les Sables d&rsquo;Olonne<br \/><strong>Responsable de la publication :<\/strong> Madame Priscille Gauthier, Pr\u00e9sidente de la soci\u00e9t\u00e9 TESSON &amp; Cie<br \/><strong>Contact :<\/strong>\u00a0 <a href=\"mailto:contact@innlog.fr\">contact@innlog.fr<\/a> &#8211; 02 51 21 73 92\u00a0<\/p>\n<p>[\/et_pb_toggle][\/et_pb_column][et_pb_column _builder_version=\u00a0\u00bb4.27.4&Prime; _module_preset=\u00a0\u00bbdefault\u00a0\u00bb type=\u00a0\u00bb1_2&Prime; theme_builder_area=\u00a0\u00bbpost_content\u00a0\u00bb][et_pb_toggle title=\u00a0\u00bbH\u00e9bergeur du site \u00a0\u00bb _builder_version=\u00a0\u00bb4.27.4&Prime; _module_preset=\u00a0\u00bbdefault\u00a0\u00bb theme_builder_area=\u00a0\u00bbpost_content\u00a0\u00bb open_toggle_background_color=\u00a0\u00bb#FFFFFF\u00a0\u00bb closed_toggle_background_color=\u00a0\u00bb#FFFFFF\u00a0\u00bb border_radii=\u00a0\u00bbon|20px|20px|20px|20px\u00a0\u00bb icon_color=\u00a0\u00bb#43CC81&Prime; toggle_icon=\u00a0\u00bb&#x22;||divi||400&Prime; open_toggle_icon=\u00a0\u00bb&#x21;||divi||400&Prime; open_icon_color=\u00a0\u00bb#43CC81&Prime; open_toggle_text_color=\u00a0\u00bb#042A1A\u00a0\u00bb title_text_color=\u00a0\u00bb#042A1A\u00a0\u00bb border_color_all=\u00a0\u00bb#042A1A\u00a0\u00bb hover_enabled=\u00a0\u00bb0&Prime; sticky_enabled=\u00a0\u00bb0&Prime;]<\/p>\n<p><strong>Nom de l&rsquo;h\u00e9bergeur :<\/strong> Innlog<br \/><strong>RCS : <\/strong><span>RCS La Roche-Sur-Yon 440 523 207<\/span><br \/><strong>Adresse du si\u00e8ge social :<\/strong> <br \/>85 rue des primev\u00e8res <br \/>85340 Les Sables d&rsquo;Olonne<br \/><strong>Contact :<\/strong>\u00a0 <a href=\"mailto:contact@innlog.fr\">contact@innlog.fr<\/a> &#8211; 02 51 21 73 92\u00a0<\/p>\n<p>[\/et_pb_toggle][\/et_pb_column][\/et_pb_row][et_pb_row _builder_version=\u00a0\u00bb4.27.4&Prime; _module_preset=\u00a0\u00bbdefault\u00a0\u00bb theme_builder_area=\u00a0\u00bbpost_content\u00a0\u00bb][et_pb_column _builder_version=\u00a0\u00bb4.27.4&Prime; _module_preset=\u00a0\u00bbdefault\u00a0\u00bb type=\u00a0\u00bb4_4&Prime; theme_builder_area=\u00a0\u00bbpost_content\u00a0\u00bb][et_pb_text _builder_version=\u00a0\u00bb4.27.4&Prime; _module_preset=\u00a0\u00bbdefault\u00a0\u00bb theme_builder_area=\u00a0\u00bbpost_content\u00a0\u00bb text_font_size=\u00a0\u00bb17px\u00a0\u00bb hover_enabled=\u00a0\u00bb0&Prime; sticky_enabled=\u00a0\u00bb0&Prime;]<\/p>\n<p><strong>Cr\u00e9dit photos<\/strong><\/p>\n<p>Innlog<br \/>Adobe stock \u2013 Pexels<br \/>Unsplash<br \/>Storyset<\/p>\n<p>[\/et_pb_text][\/et_pb_column][\/et_pb_row][\/et_pb_section][et_pb_section fb_built=\u00a0\u00bb1&Prime; _builder_version=\u00a0\u00bb4.27.2&Prime; _module_preset=\u00a0\u00bbdefault\u00a0\u00bb background_image=\u00a0\u00bbhttps:\/\/wordpress-test.innlog.fr\/wp-content\/uploads\/2024\/11\/Frame-2608651.svg\u00a0\u00bb custom_margin=\u00a0\u00bb50px||||false|false\u00a0\u00bb global_colors_info=\u00a0\u00bb{}\u00a0\u00bb theme_builder_area=\u00a0\u00bbpost_content\u00a0\u00bb][et_pb_row _builder_version=\u00a0\u00bb4.27.2&Prime; _module_preset=\u00a0\u00bbdefault\u00a0\u00bb custom_padding=\u00a0\u00bb|||0px||\u00a0\u00bb global_colors_info=\u00a0\u00bb{}\u00a0\u00bb theme_builder_area=\u00a0\u00bbpost_content\u00a0\u00bb][et_pb_column type=\u00a0\u00bb4_4&Prime; _builder_version=\u00a0\u00bb4.27.2&Prime; _module_preset=\u00a0\u00bbdefault\u00a0\u00bb global_colors_info=\u00a0\u00bb{}\u00a0\u00bb theme_builder_area=\u00a0\u00bbpost_content\u00a0\u00bb][et_pb_text _builder_version=\u00a0\u00bb4.27.2&Prime; _module_preset=\u00a0\u00bbdefault\u00a0\u00bb header_3_font=\u00a0\u00bbInter||||||||\u00a0\u00bb header_3_font_size=\u00a0\u00bb30px\u00a0\u00bb custom_margin=\u00a0\u00bb|||-159px||\u00a0\u00bb custom_padding=\u00a0\u00bb|||0px||\u00a0\u00bb global_colors_info=\u00a0\u00bb{}\u00a0\u00bb theme_builder_area=\u00a0\u00bbpost_content\u00a0\u00bb]<\/p>\n<h3>Envie de d\u00e9marrer un projet logistique ?<\/h3>\n<p>[\/et_pb_text][et_pb_button button_text=\u00a0\u00bbCONTACTEZ-NOUS\u00a0\u00bb button_alignment=\u00a0\u00bbleft\u00a0\u00bb _builder_version=\u00a0\u00bb4.27.2&Prime; _module_preset=\u00a0\u00bbdefault\u00a0\u00bb custom_button=\u00a0\u00bbon\u00a0\u00bb button_text_size=\u00a0\u00bb17px\u00a0\u00bb button_text_color=\u00a0\u00bb#042a1a\u00a0\u00bb button_bg_color=\u00a0\u00bb#FFFFFF\u00a0\u00bb button_border_width=\u00a0\u00bb1px\u00a0\u00bb button_border_radius=\u00a0\u00bb30px\u00a0\u00bb button_font=\u00a0\u00bb|600|||||||\u00a0\u00bb button_icon=\u00a0\u00bb&#xf2a0;||fa||900&Prime; button_icon_placement=\u00a0\u00bbleft\u00a0\u00bb button_on_hover=\u00a0\u00bboff\u00a0\u00bb custom_margin=\u00a0\u00bb|||-159px|false|false\u00a0\u00bb custom_padding=\u00a0\u00bb15px|25px|15px|50px|false|false\u00a0\u00bb global_colors_info=\u00a0\u00bb{}\u00a0\u00bb button_bg_color__hover_enabled=\u00a0\u00bbon|hover\u00a0\u00bb button_bg_color__hover=\u00a0\u00bb#0b5a36&Prime; button_bg_enable_color__hover=\u00a0\u00bbon\u00a0\u00bb theme_builder_area=\u00a0\u00bbpost_content\u00a0\u00bb][\/et_pb_button][\/et_pb_column][\/et_pb_row][\/et_pb_section]<\/p>\n","protected":false},"excerpt":{"rendered":"<p>Mentions l\u00e9gales Raison sociale : InnlogCapital social : 76 240 eurosForme juridique : Soci\u00e9t\u00e9 par actions simplifi\u00e9eRCS : RCS La Roche-Sur-Yon 440 523 207TVA intracommunautaire : FR20440523207Adresse du si\u00e8ge social : 85 rue des primev\u00e8res 85340 Les Sables d&rsquo;OlonneResponsable de la publication : Madame Priscille Gauthier, Pr\u00e9sidente de la soci\u00e9t\u00e9 TESSON &amp; CieContact :\u00a0 contact@innlog.fr [&hellip;]<\/p>\n","protected":false},"author":1,"featured_media":0,"parent":0,"menu_order":0,"comment_status":"closed","ping_status":"closed","template":"","meta":{"_et_pb_use_builder":"on","_et_pb_old_content":"","_et_gb_content_width":"","inline_featured_image":false,"footnotes":""},"class_list":["post-489","page","type-page","status-publish","hentry"],"_links":{"self":[{"href":"https:\/\/wordpress-test.innlog.fr\/index.php?rest_route=\/wp\/v2\/pages\/489","targetHints":{"allow":["GET"]}}],"collection":[{"href":"https:\/\/wordpress-test.innlog.fr\/index.php?rest_route=\/wp\/v2\/pages"}],"about":[{"href":"https:\/\/wordpress-test.innlog.fr\/index.php?rest_route=\/wp\/v2\/types\/page"}],"author":[{"embeddable":true,"href":"https:\/\/wordpress-test.innlog.fr\/index.php?rest_route=\/wp\/v2\/users\/1"}],"replies":[{"embeddable":true,"href":"https:\/\/wordpress-test.innlog.fr\/index.php?rest_route=%2Fwp%2Fv2%2Fcomments&post=489"}],"version-history":[{"count":2,"href":"https:\/\/wordpress-test.innlog.fr\/index.php?rest_route=\/wp\/v2\/pages\/489\/revisions"}],"predecessor-version":[{"id":492,"href":"https:\/\/wordpress-test.innlog.fr\/index.php?rest_route=\/wp\/v2\/pages\/489\/revisions\/492"}],"wp:attachment":[{"href":"https:\/\/wordpress-test.innlog.fr\/index.php?rest_route=%2Fwp%2Fv2%2Fmedia&parent=489"}],"curies":[{"name":"wp","href":"https:\/\/api.w.org\/{rel}","templated":true}]}}