{"id":499,"date":"2024-11-28T14:58:27","date_gmt":"2024-11-28T14:58:27","guid":{"rendered":"https:\/\/wordpress-test.innlog.fr\/?page_id=499"},"modified":"2024-11-28T15:00:20","modified_gmt":"2024-11-28T15:00:20","slug":"politique-de-protection-des-donnees-personnelles","status":"publish","type":"page","link":"https:\/\/wordpress-test.innlog.fr\/?page_id=499","title":{"rendered":"Politique de protection des donn\u00e9es personnelles"},"content":{"rendered":"<p>[et_pb_section fb_built=\u00a0\u00bb1&Prime; _builder_version=\u00a0\u00bb4.27.2&Prime; _module_preset=\u00a0\u00bbdefault\u00a0\u00bb background_image=\u00a0\u00bbhttps:\/\/wordpress-test.innlog.fr\/wp-content\/uploads\/2024\/11\/Home-_-Innlog-2.svg\u00a0\u00bb background_position=\u00a0\u00bbtop_center\u00a0\u00bb custom_padding=\u00a0\u00bb||3px|||\u00a0\u00bb global_colors_info=\u00a0\u00bb{}\u00a0\u00bb][et_pb_row _builder_version=\u00a0\u00bb4.25.1&Prime; _module_preset=\u00a0\u00bbdefault\u00a0\u00bb global_colors_info=\u00a0\u00bb{}\u00a0\u00bb][et_pb_column type=\u00a0\u00bb4_4&Prime; _builder_version=\u00a0\u00bb4.25.1&Prime; _module_preset=\u00a0\u00bbdefault\u00a0\u00bb global_colors_info=\u00a0\u00bb{}\u00a0\u00bb][et_pb_text _builder_version=\u00a0\u00bb4.27.4&Prime; _module_preset=\u00a0\u00bbdefault\u00a0\u00bb text_font=\u00a0\u00bb|700|||||||\u00a0\u00bb text_text_color=\u00a0\u00bb#042a1a\u00a0\u00bb text_font_size=\u00a0\u00bb48px\u00a0\u00bb header_font=\u00a0\u00bb|700|||||||\u00a0\u00bb header_text_color=\u00a0\u00bb#041a1a\u00a0\u00bb header_font_size=\u00a0\u00bb48px\u00a0\u00bb header_line_height=\u00a0\u00bb1.2em\u00a0\u00bb custom_margin=\u00a0\u00bb0px||0px||false|false\u00a0\u00bb custom_padding=\u00a0\u00bb||3px||false|false\u00a0\u00bb global_colors_info=\u00a0\u00bb{}\u00a0\u00bb]<\/p>\n<h1 style=\"text-align: center;\">Politique de protection des donn\u00e9es personnelles<\/h1>\n<p><jarvis-injection style=\"position: absolute; left: 77.7499px; top: 123.438px; z-index: 2147483647;\"><\/jarvis-injection><\/p>\n<p>[\/et_pb_text][\/et_pb_column][\/et_pb_row][et_pb_row _builder_version=\u00a0\u00bb4.27.4&Prime; _module_preset=\u00a0\u00bbdefault\u00a0\u00bb global_colors_info=\u00a0\u00bb{}\u00a0\u00bb][et_pb_column type=\u00a0\u00bb4_4&Prime; _builder_version=\u00a0\u00bb4.27.4&Prime; _module_preset=\u00a0\u00bbdefault\u00a0\u00bb global_colors_info=\u00a0\u00bb{}\u00a0\u00bb][et_pb_text _builder_version=\u00a0\u00bb4.27.4&Prime; _module_preset=\u00a0\u00bbdefault\u00a0\u00bb global_colors_info=\u00a0\u00bb{}\u00a0\u00bb]<\/p>\n<p style=\"text-align: center;\"><span>La pr\u00e9sente Politique de protection des Donn\u00e9es Personnelles s\u2019adresse aux utilisateurs de notre site internet et dont les donn\u00e9es \u00e0 caract\u00e8re personnel sont collect\u00e9es et utilis\u00e9es par la soci\u00e9t\u00e9 INNLOG en tant que responsable de traitement.<\/span><\/p>\n<p>[\/et_pb_text][\/et_pb_column][\/et_pb_row][\/et_pb_section][et_pb_section fb_built=\u00a0\u00bb1&Prime; _builder_version=\u00a0\u00bb4.27.2&Prime; _module_preset=\u00a0\u00bbdefault\u00a0\u00bb global_colors_info=\u00a0\u00bb{}\u00a0\u00bb][et_pb_row column_structure=\u00a0\u00bb1_2,1_2&Prime; _builder_version=\u00a0\u00bb4.27.4&Prime; _module_preset=\u00a0\u00bbdefault\u00a0\u00bb global_colors_info=\u00a0\u00bb{}\u00a0\u00bb][et_pb_column type=\u00a0\u00bb1_2&Prime; _builder_version=\u00a0\u00bb4.27.4&Prime; _module_preset=\u00a0\u00bbdefault\u00a0\u00bb global_colors_info=\u00a0\u00bb{}\u00a0\u00bb][et_pb_toggle title=\u00a0\u00bb1. Identit\u00e9 du responsable de traitement\u00a0\u00bb open_toggle_text_color=\u00a0\u00bb#042A1A\u00a0\u00bb open_toggle_background_color=\u00a0\u00bb#FFFFFF\u00a0\u00bb closed_toggle_background_color=\u00a0\u00bb#FFFFFF\u00a0\u00bb icon_color=\u00a0\u00bb#43CC81&Prime; toggle_icon=\u00a0\u00bb&#x22;||divi||400&Prime; open_icon_color=\u00a0\u00bb#43CC81&Prime; open_toggle_icon=\u00a0\u00bb&#x21;||divi||400&Prime; _builder_version=\u00a0\u00bb4.27.4&Prime; _module_preset=\u00a0\u00bbdefault\u00a0\u00bb title_text_color=\u00a0\u00bb#042A1A\u00a0\u00bb border_radii=\u00a0\u00bbon|20px|20px|20px|20px\u00a0\u00bb border_color_all=\u00a0\u00bb#042A1A\u00a0\u00bb global_colors_info=\u00a0\u00bb{}\u00a0\u00bb]<\/p>\n<p><span>Les donn\u00e9es \u00e0 caract\u00e8re personnel des utilisateurs\u00a0du site sont trait\u00e9es par INNLOG, Soci\u00e9t\u00e9 par Actions Simplifi\u00e9e au capital de 76 240 \u20ac dont le si\u00e8ge social est situ\u00e9 85, rue des Primev\u00e8res 85340 LES SABLES D\u2019OLONNE, immatricul\u00e9e au RCS de La Roche-Sur-Yon sous le num\u00e9ro 440\u00a0523 207.<\/span><\/p>\n<p>[\/et_pb_toggle][et_pb_toggle title=\u00a0\u00bb3. Finalit\u00e9s\u00a0\u00bb open_toggle_text_color=\u00a0\u00bb#042A1A\u00a0\u00bb open_toggle_background_color=\u00a0\u00bb#FFFFFF\u00a0\u00bb closed_toggle_background_color=\u00a0\u00bb#FFFFFF\u00a0\u00bb icon_color=\u00a0\u00bb#43CC81&Prime; toggle_icon=\u00a0\u00bb&#x22;||divi||400&Prime; open_icon_color=\u00a0\u00bb#43CC81&Prime; open_toggle_icon=\u00a0\u00bb&#x21;||divi||400&Prime; _builder_version=\u00a0\u00bb4.27.4&Prime; _module_preset=\u00a0\u00bbdefault\u00a0\u00bb title_text_color=\u00a0\u00bb#042A1A\u00a0\u00bb border_radii=\u00a0\u00bbon|20px|20px|20px|20px\u00a0\u00bb border_color_all=\u00a0\u00bb#042A1A\u00a0\u00bb global_colors_info=\u00a0\u00bb{}\u00a0\u00bb]<\/p>\n<p>Les donn\u00e9es \u00e0 caract\u00e8re personnel sont trait\u00e9es notamment pour\u00a0:<\/p>\n<ul class=\"wp-block-list\">\n<li>La connaissance client et la gestion des donn\u00e9es du site internet\u00a0;<\/li>\n<li>La personnalisation de nos services et des messages que nous vous adressons\u00a0;<\/li>\n<li>La prospection commerciale par INNLOG et\/ou par des tiers ;<\/li>\n<li>La personnalisation des publicit\u00e9s en ligne\u00a0;<\/li>\n<li>La s\u00e9curit\u00e9 du site internet.<\/li>\n<\/ul>\n<p>Le traitement des donn\u00e9es personnelles est justifi\u00e9 par diff\u00e9rents fondements en fonction de l\u2019usage qu\u2019INNLOG fait des donn\u00e9es personnelles, notamment\u00a0:<\/p>\n<ul class=\"wp-block-list\">\n<li>Le consentement : le cas \u00e9ch\u00e9ant, l\u2019utilisateur accepte le traitement de ses donn\u00e9es personnelles par le biais d\u2019un consentement expr\u00e8s. Ce consentement peut \u00eatre retir\u00e9e \u00e0 tout moment.<\/li>\n<li>L\u2019int\u00e9r\u00eat l\u00e9gitime : INNLOG a un int\u00e9r\u00eat commercial \u00e0 traiter les donn\u00e9es personnelles des utilisateurs.<\/li>\n<li>La loi : le traitement des donn\u00e9es personnelles est rendu obligatoire par un texte de loi.<\/li>\n<\/ul>\n<p>[\/et_pb_toggle][et_pb_toggle title=\u00a0\u00bb5. Destinataires\u00a0\u00bb open_toggle_text_color=\u00a0\u00bb#042A1A\u00a0\u00bb open_toggle_background_color=\u00a0\u00bb#FFFFFF\u00a0\u00bb closed_toggle_background_color=\u00a0\u00bb#FFFFFF\u00a0\u00bb icon_color=\u00a0\u00bb#43CC81&Prime; toggle_icon=\u00a0\u00bb&#x22;||divi||400&Prime; open_icon_color=\u00a0\u00bb#43CC81&Prime; open_toggle_icon=\u00a0\u00bb&#x21;||divi||400&Prime; _builder_version=\u00a0\u00bb4.27.4&Prime; _module_preset=\u00a0\u00bbdefault\u00a0\u00bb title_text_color=\u00a0\u00bb#042A1A\u00a0\u00bb border_radii=\u00a0\u00bbon|20px|20px|20px|20px\u00a0\u00bb border_color_all=\u00a0\u00bb#042A1A\u00a0\u00bb global_colors_info=\u00a0\u00bb{}\u00a0\u00bb]<\/p>\n<p>INNLOG peut \u00eatre amen\u00e9e \u00e0 partager les donn\u00e9es personnelles avec les cat\u00e9gories d\u2019organisations suivantes :<\/p>\n<ul class=\"wp-block-list\">\n<li>au sein du Groupe TESSON, \u00e0 savoir la soci\u00e9t\u00e9 TESSON &amp; Cie et ses filiales,<\/li>\n<li>\u00e0 des partenaires de confiance d\u2019INNLOG qui agissent sur les instructions d\u2019INNLOG et conform\u00e9ment \u00e0 la r\u00e9glementation,<\/li>\n<li>\u00e0 des tiers pour se conformer aux lois applicables, notamment aux autorit\u00e9s gouvernementales, autorit\u00e9 administrative ind\u00e9pendante etc.\u2026,<\/li>\n<\/ul>\n<p>[\/et_pb_toggle][et_pb_toggle title=\u00a0\u00bb7. Dur\u00e9e\u00a0\u00bb open_toggle_text_color=\u00a0\u00bb#042A1A\u00a0\u00bb open_toggle_background_color=\u00a0\u00bb#FFFFFF\u00a0\u00bb closed_toggle_background_color=\u00a0\u00bb#FFFFFF\u00a0\u00bb icon_color=\u00a0\u00bb#43CC81&Prime; toggle_icon=\u00a0\u00bb&#x22;||divi||400&Prime; open_icon_color=\u00a0\u00bb#43CC81&Prime; open_toggle_icon=\u00a0\u00bb&#x21;||divi||400&Prime; _builder_version=\u00a0\u00bb4.27.4&Prime; _module_preset=\u00a0\u00bbdefault\u00a0\u00bb title_text_color=\u00a0\u00bb#042A1A\u00a0\u00bb border_radii=\u00a0\u00bbon|20px|20px|20px|20px\u00a0\u00bb border_color_all=\u00a0\u00bb#042A1A\u00a0\u00bb global_colors_info=\u00a0\u00bb{}\u00a0\u00bb]<\/p>\n<p><span>Les donn\u00e9es \u00e0 caract\u00e8re personnelles des utilisateurs sont conserv\u00e9es pendant la dur\u00e9e n\u00e9cessaire \u00e0 l\u2019accomplissement des finalit\u00e9s mentionn\u00e9es ci-dessus ou pour permettre l\u2019accomplissement des obligations l\u00e9gales d\u2019INNLOG. Les dur\u00e9es de conservation peuvent varier en fonction des cat\u00e9gories de donn\u00e9es et des traitements. Les donn\u00e9es \u00e0 caract\u00e8re personnel des utilisateurs sont conserv\u00e9es pour une dur\u00e9e maximale de dix (10) ans \u00e0 compter de la derni\u00e8re activit\u00e9 de l\u2019utilisateur sur le site internet.<\/span><\/p>\n<ul class=\"wp-block-list\"><\/ul>\n<p>[\/et_pb_toggle][\/et_pb_column][et_pb_column type=\u00a0\u00bb1_2&Prime; _builder_version=\u00a0\u00bb4.27.4&Prime; _module_preset=\u00a0\u00bbdefault\u00a0\u00bb global_colors_info=\u00a0\u00bb{}\u00a0\u00bb][et_pb_toggle title=\u00a0\u00bb2. Donn\u00e9es personnelles trait\u00e9es\u00a0\u00bb open_toggle_text_color=\u00a0\u00bb#042A1A\u00a0\u00bb open_toggle_background_color=\u00a0\u00bb#FFFFFF\u00a0\u00bb closed_toggle_background_color=\u00a0\u00bb#FFFFFF\u00a0\u00bb icon_color=\u00a0\u00bb#43CC81&Prime; toggle_icon=\u00a0\u00bb&#x22;||divi||400&Prime; open_icon_color=\u00a0\u00bb#43CC81&Prime; open_toggle_icon=\u00a0\u00bb&#x21;||divi||400&Prime; _builder_version=\u00a0\u00bb4.27.4&Prime; _module_preset=\u00a0\u00bbdefault\u00a0\u00bb title_text_color=\u00a0\u00bb#042A1A\u00a0\u00bb border_radii=\u00a0\u00bbon|20px|20px|20px|20px\u00a0\u00bb border_color_all=\u00a0\u00bb#042A1A\u00a0\u00bb global_colors_info=\u00a0\u00bb{}\u00a0\u00bb]<\/p>\n<p><span>INNLOG peut \u00eatre amen\u00e9e \u00e0 collecter les\u00a0<\/span><a>donn\u00e9es\u00a0suivantes<\/a><span> :\u00a0<\/span><\/p>\n<p>&nbsp;<\/p>\n<table style=\"border-style: solid; border-color: #f2f2f2; background-color: #ffffff;\">\n<tbody>\n<tr>\n<td style=\"width: 121.736px;\"><strong>Cat\u00e9gories<\/strong><\/td>\n<td style=\"width: 173.403px;\"><strong>Type de donn\u00e9es<\/strong><\/td>\n<\/tr>\n<tr>\n<td style=\"width: 121.736px;\">Donn\u00e9es d\u2019identification<\/td>\n<td style=\"width: 173.403px;\">Noms et pr\u00e9noms, adresse, date et lieu de naissance, t\u00e9l\u00e9phone, email, fonction, dipl\u00f4me.<\/td>\n<\/tr>\n<tr>\n<td style=\"width: 121.736px;\">Donn\u00e9es de connexion<\/td>\n<td style=\"width: 173.403px;\">Adresse IP, cookies, logs, identifiants, mot de passe, donn\u00e9es de navigation.<\/td>\n<\/tr>\n<\/tbody>\n<\/table>\n<p>Les donn\u00e9es sont collect\u00e9es notamment quand\u00a0l\u2019utilisateur :<\/p>\n<ul class=\"wp-block-list\">\n<li>Navigue sur le site internet\u00a0;<\/li>\n<li>Contacte INNLOG via le site internet.<\/li>\n<li>T\u00e9l\u00e9charge un livre blanc<\/li>\n<\/ul>\n<p>[\/et_pb_toggle][et_pb_toggle title=\u00a0\u00bb4. Cookies\u00a0\u00bb open_toggle_text_color=\u00a0\u00bb#042A1A\u00a0\u00bb open_toggle_background_color=\u00a0\u00bb#FFFFFF\u00a0\u00bb closed_toggle_background_color=\u00a0\u00bb#FFFFFF\u00a0\u00bb icon_color=\u00a0\u00bb#43CC81&Prime; toggle_icon=\u00a0\u00bb&#x22;||divi||400&Prime; open_icon_color=\u00a0\u00bb#43CC81&Prime; open_toggle_icon=\u00a0\u00bb&#x21;||divi||400&Prime; _builder_version=\u00a0\u00bb4.27.4&Prime; _module_preset=\u00a0\u00bbdefault\u00a0\u00bb title_text_color=\u00a0\u00bb#042A1A\u00a0\u00bb border_radii=\u00a0\u00bbon|20px|20px|20px|20px\u00a0\u00bb border_color_all=\u00a0\u00bb#042A1A\u00a0\u00bb global_colors_info=\u00a0\u00bb{}\u00a0\u00bb]<\/p>\n<p>Nous utilisons diff\u00e9rents\u00a0<a href=\"https:\/\/www.cnil.fr\/fr\/definition\/cookie\" target=\"_blank\" rel=\"noreferrer noopener\">cookies<\/a>\u00a0sur le site pour mesurer l\u2019audience et int\u00e9grer des services permettant d\u2019am\u00e9liorer l\u2019interactivit\u00e9 du site.<\/p>\n<p>Un \u00ab\u00a0cookie\u00a0\u00bb est une suite d\u2019informations, g\u00e9n\u00e9ralement de petite taille et identifi\u00e9 par un nom, qui peut \u00eatre transmis \u00e0 votre navigateur par un site web sur lequel vous vous connectez. Votre navigateur web le conservera pendant une certaine dur\u00e9e, et le renverra au serveur web chaque fois que vous vous y re-connecterez. Les cookies ont de multiples usages : ils permettent de vous authentifier et de vous identifier, ils peuvent \u00e9galement enregistrer vos pr\u00e9f\u00e9rences ou mesurer les diff\u00e9rents usages du site.<\/p>\n<p><strong>Cookies utilis\u00e9s par Innlog<\/strong><\/p>\n<p>Lors de votre arriv\u00e9e sur le site, vous avez \u00e9t\u00e9 inform\u00e9 (<a>Cf. bandeau d\u2019affichage<\/a><span>\u00a0<\/span>\u00ab\u00a0Cookies\u00a0\u00bb\u00a0) de la pr\u00e9sence de cookies traceurs destin\u00e9s notamment \u00e0 r\u00e9aliser des statistiques de visites et de la possibilit\u00e9 de vous y opposer en acc\u00e9dant au pr\u00e9sent document.<\/p>\n<p>Comme indiqu\u00e9 pr\u00e9c\u00e9demment, en choisissant de bloquer nos cookies, nous tenons \u00e0 vous informer que la navigation sur le site et\/ou l\u2019utilisation de certaines fonctionnalit\u00e9s pourrait \u00eatre l\u00e9g\u00e8rement affect\u00e9es.<\/p>\n<p><strong>Cookies de tiers<\/strong><\/p>\n<p>En vous rendant sur le site, il est possible que des soci\u00e9t\u00e9s partenaires implantent des cookies sur votre terminal. Ces cookies sont utilis\u00e9s par des prestataires publicitaires sur le site. Les cookies contenus au sein m\u00eame des publicit\u00e9s ont pour objectif de fournir des informations et des statistiques sur la pertinence de leur diffusion (nombre d\u2019utilisateurs cliquant sur la publicit\u00e9, nombre de fois o\u00f9 elle est affich\u00e9e etc.). Dans les param\u00e9trages de votre navigateur, vous pourrez d\u00e9sactiver ces cookies tiers.<\/p>\n<p><strong>Gestion des cookies<\/strong><\/p>\n<p>Vous pouvez g\u00e9rer et modifier \u00e0 tout moment l\u2019utilisation des cookies suivant les possibilit\u00e9s rappel\u00e9es ci-apr\u00e8s\u00a0:<\/p>\n<ol class=\"wp-block-list\" type=\"1\" start=\"1\">\n<li>Gestion de vos cookies \u00e0 partir du module de gestion : Un module vous permet de choisir les cookies que vous souhaitez accepter et ceux que vous souhaitez refuser sur notre site. \u00c0 tout moment, en cliquant ici vous pourrez acc\u00e9der au module et modifier vos choix.<\/li>\n<\/ol>\n<ol class=\"wp-block-list\" type=\"1\" start=\"2\">\n<li>Gestion de vos cookies \u00e0 partir de votre logiciel de navigation : Vous pouvez configurer votre logiciel de navigation de mani\u00e8re \u00e0 ce que des cookies soient enregistr\u00e9s dans votre \u00e9quipement terminal ou qu\u2019ils soient rejet\u00e9s, soit syst\u00e9matiquement, soit selon leur \u00e9metteur. Vous pouvez \u00e9galement r\u00e9guli\u00e8rement supprimer les cookies de votre terminal via votre navigateur.<\/li>\n<\/ol>\n<p><strong>Dur\u00e9e de conservation des cookies<\/strong><\/p>\n<p>En tout \u00e9tat de cause, les cookies stock\u00e9s dans votre terminal ou tout autre \u00e9l\u00e9ment utilis\u00e9 pour vous identifier \u00e0 des fins de statistiques ou d\u2019audience auront une dur\u00e9e de vie raisonnable \u00e0 la finalit\u00e9 du traitement envisag\u00e9 dans la limite de treize (13) mois maximum, cette dur\u00e9e n\u2019\u00e9tant pas prorog\u00e9e automatiquement lors de vos nouvelles visites sur le Site. Au-del\u00e0, les donn\u00e9es de fr\u00e9quentation brutes associ\u00e9es \u00e0 un identifiant sont soit supprim\u00e9es soit anonymis\u00e9es.<\/p>\n<ul class=\"wp-block-list\"><\/ul>\n<p>[\/et_pb_toggle][et_pb_toggle title=\u00a0\u00bb6. Transferts hors Union Europ\u00e9enne\u00a0\u00bb open_toggle_text_color=\u00a0\u00bb#042A1A\u00a0\u00bb open_toggle_background_color=\u00a0\u00bb#FFFFFF\u00a0\u00bb closed_toggle_background_color=\u00a0\u00bb#FFFFFF\u00a0\u00bb icon_color=\u00a0\u00bb#43CC81&Prime; toggle_icon=\u00a0\u00bb&#x22;||divi||400&Prime; open_icon_color=\u00a0\u00bb#43CC81&Prime; open_toggle_icon=\u00a0\u00bb&#x21;||divi||400&Prime; _builder_version=\u00a0\u00bb4.27.4&Prime; _module_preset=\u00a0\u00bbdefault\u00a0\u00bb title_text_color=\u00a0\u00bb#042A1A\u00a0\u00bb border_radii=\u00a0\u00bbon|20px|20px|20px|20px\u00a0\u00bb border_color_all=\u00a0\u00bb#042A1A\u00a0\u00bb global_colors_info=\u00a0\u00bb{}\u00a0\u00bb]<\/p>\n<p>INNLOG ne transf\u00e8re pas vos donn\u00e9es en dehors de l\u2019Union Europ\u00e9enne.<\/p>\n<p>Cependant, dans le cas les donn\u00e9es \u00e0 caract\u00e8re personnel des utilisateurs devaient \u00eatre transf\u00e9r\u00e9es hors l\u2019Union europ\u00e9enne,<\/p>\n<ul class=\"wp-block-list\">\n<li>Les transferts seront r\u00e9alis\u00e9s dans un des pays pour lequel une d\u00e9cision d\u2019ad\u00e9quation a \u00e9t\u00e9 rendue par la Commission Europ\u00e9enne (qui garantit qu\u2019un niveau appropri\u00e9 de protection des donn\u00e9es personnelles est appliqu\u00e9e dans ce pays),<\/li>\n<li>Les garanties appropri\u00e9es ont \u00e9t\u00e9 pr\u00e9vues par la signature de clauses contractuelles de la Commission Europ\u00e9enne,<\/li>\n<li>En l\u2019absence de l\u2019un ou l\u2019autre des crit\u00e8res ci-dessous, votre consentement vous sera demand\u00e9.<\/li>\n<\/ul>\n<p>[\/et_pb_toggle][et_pb_toggle title=\u00a0\u00bb8. Droits sur les donn\u00e9es \u00e0 caract\u00e8re personnel\u00a0\u00bb open_toggle_text_color=\u00a0\u00bb#042A1A\u00a0\u00bb open_toggle_background_color=\u00a0\u00bb#FFFFFF\u00a0\u00bb closed_toggle_background_color=\u00a0\u00bb#FFFFFF\u00a0\u00bb icon_color=\u00a0\u00bb#43CC81&Prime; toggle_icon=\u00a0\u00bb&#x22;||divi||400&Prime; open_icon_color=\u00a0\u00bb#43CC81&Prime; open_toggle_icon=\u00a0\u00bb&#x21;||divi||400&Prime; _builder_version=\u00a0\u00bb4.27.4&Prime; _module_preset=\u00a0\u00bbdefault\u00a0\u00bb title_text_color=\u00a0\u00bb#042A1A\u00a0\u00bb border_radii=\u00a0\u00bbon|20px|20px|20px|20px\u00a0\u00bb border_color_all=\u00a0\u00bb#042A1A\u00a0\u00bb global_colors_info=\u00a0\u00bb{}\u00a0\u00bb]<\/p>\n<p>Chaque utilisateur peut demander \u00e0 tout moment l\u2019acc\u00e8s \u00e0 ses donn\u00e9es \u00e0 caract\u00e8re personnel, leur rectification ou leur effacement.<\/p>\n<p>Chaque utilisateur dispose par ailleurs du droit de s\u2019opposer \u00e0 un traitement de ses donn\u00e9es \u00e0 caract\u00e8re personnel et du droit \u00e0 leur portabilit\u00e9, dans les conditions fix\u00e9es par la R\u00e9glementation.<\/p>\n<p>Chaque utilisateur peut exercer ses droits \u00e0 tout moment en adressant sa demande \u00e0 l\u2019adresse mail suivante :<span>\u00a0<\/span><a href=\"mailto:contact@winetailors.fr\">contact@INNLOG.fr<\/a>. Vous pouvez \u00e9galement envoyer un courrier postal \u00e0 : INNLOG 85 rue des Primev\u00e8res, 85341 Les Sables d\u2019Olonne.<\/p>\n<p>Par ailleurs, conform\u00e9ment \u00e0 la R\u00e8glementation, vous avez la possibilit\u00e9 de saisir la Commission Nationale de l\u2019Informatique et des Libert\u00e9s (CNIL) au 3 place de Fontenoy \u2013 TSA 80715 \u2013 75334 Paris cedex 07.<\/p>\n<p>[\/et_pb_toggle][\/et_pb_column][\/et_pb_row][\/et_pb_section][et_pb_section fb_built=\u00a0\u00bb1&Prime; _builder_version=\u00a0\u00bb4.27.2&Prime; _module_preset=\u00a0\u00bbdefault\u00a0\u00bb background_image=\u00a0\u00bbhttps:\/\/wordpress-test.innlog.fr\/wp-content\/uploads\/2024\/11\/Frame-2608651.svg\u00a0\u00bb custom_margin=\u00a0\u00bb50px||||false|false\u00a0\u00bb global_colors_info=\u00a0\u00bb{}\u00a0\u00bb][et_pb_row _builder_version=\u00a0\u00bb4.27.2&Prime; _module_preset=\u00a0\u00bbdefault\u00a0\u00bb custom_padding=\u00a0\u00bb|||0px||\u00a0\u00bb global_colors_info=\u00a0\u00bb{}\u00a0\u00bb][et_pb_column type=\u00a0\u00bb4_4&Prime; _builder_version=\u00a0\u00bb4.27.2&Prime; _module_preset=\u00a0\u00bbdefault\u00a0\u00bb global_colors_info=\u00a0\u00bb{}\u00a0\u00bb][et_pb_text _builder_version=\u00a0\u00bb4.27.2&Prime; _module_preset=\u00a0\u00bbdefault\u00a0\u00bb header_3_font=\u00a0\u00bbInter||||||||\u00a0\u00bb header_3_font_size=\u00a0\u00bb30px\u00a0\u00bb custom_margin=\u00a0\u00bb|||-159px||\u00a0\u00bb custom_padding=\u00a0\u00bb|||0px||\u00a0\u00bb global_colors_info=\u00a0\u00bb{}\u00a0\u00bb]<\/p>\n<h3>Envie de d\u00e9marrer un projet logistique ?<\/h3>\n<p>[\/et_pb_text][et_pb_button button_text=\u00a0\u00bbCONTACTEZ-NOUS\u00a0\u00bb button_alignment=\u00a0\u00bbleft\u00a0\u00bb _builder_version=\u00a0\u00bb4.27.2&Prime; _module_preset=\u00a0\u00bbdefault\u00a0\u00bb custom_button=\u00a0\u00bbon\u00a0\u00bb button_text_size=\u00a0\u00bb17px\u00a0\u00bb button_text_color=\u00a0\u00bb#042a1a\u00a0\u00bb button_bg_color=\u00a0\u00bb#FFFFFF\u00a0\u00bb button_border_width=\u00a0\u00bb1px\u00a0\u00bb button_border_radius=\u00a0\u00bb30px\u00a0\u00bb button_font=\u00a0\u00bb|600|||||||\u00a0\u00bb button_icon=\u00a0\u00bb&#xf2a0;||fa||900&Prime; button_icon_placement=\u00a0\u00bbleft\u00a0\u00bb button_on_hover=\u00a0\u00bboff\u00a0\u00bb custom_margin=\u00a0\u00bb|||-159px|false|false\u00a0\u00bb custom_padding=\u00a0\u00bb15px|25px|15px|50px|false|false\u00a0\u00bb global_colors_info=\u00a0\u00bb{}\u00a0\u00bb button_bg_color__hover_enabled=\u00a0\u00bbon|hover\u00a0\u00bb button_bg_color__hover=\u00a0\u00bb#0b5a36&Prime; button_bg_enable_color__hover=\u00a0\u00bbon\u00a0\u00bb][\/et_pb_button][\/et_pb_column][\/et_pb_row][\/et_pb_section]<\/p>\n","protected":false},"excerpt":{"rendered":"<p>Politique de protection des donn\u00e9es personnelles La pr\u00e9sente Politique de protection des Donn\u00e9es Personnelles s\u2019adresse aux utilisateurs de notre site internet et dont les donn\u00e9es \u00e0 caract\u00e8re personnel sont collect\u00e9es et utilis\u00e9es par la soci\u00e9t\u00e9 INNLOG en tant que responsable de traitement.Les donn\u00e9es \u00e0 caract\u00e8re personnel des utilisateurs\u00a0du site sont trait\u00e9es par INNLOG, Soci\u00e9t\u00e9 par [&hellip;]<\/p>\n","protected":false},"author":1,"featured_media":0,"parent":0,"menu_order":0,"comment_status":"closed","ping_status":"closed","template":"","meta":{"_et_pb_use_builder":"on","_et_pb_old_content":"","_et_gb_content_width":"","inline_featured_image":false,"footnotes":""},"class_list":["post-499","page","type-page","status-publish","hentry"],"_links":{"self":[{"href":"https:\/\/wordpress-test.innlog.fr\/index.php?rest_route=\/wp\/v2\/pages\/499","targetHints":{"allow":["GET"]}}],"collection":[{"href":"https:\/\/wordpress-test.innlog.fr\/index.php?rest_route=\/wp\/v2\/pages"}],"about":[{"href":"https:\/\/wordpress-test.innlog.fr\/index.php?rest_route=\/wp\/v2\/types\/page"}],"author":[{"embeddable":true,"href":"https:\/\/wordpress-test.innlog.fr\/index.php?rest_route=\/wp\/v2\/users\/1"}],"replies":[{"embeddable":true,"href":"https:\/\/wordpress-test.innlog.fr\/index.php?rest_route=%2Fwp%2Fv2%2Fcomments&post=499"}],"version-history":[{"count":3,"href":"https:\/\/wordpress-test.innlog.fr\/index.php?rest_route=\/wp\/v2\/pages\/499\/revisions"}],"predecessor-version":[{"id":505,"href":"https:\/\/wordpress-test.innlog.fr\/index.php?rest_route=\/wp\/v2\/pages\/499\/revisions\/505"}],"wp:attachment":[{"href":"https:\/\/wordpress-test.innlog.fr\/index.php?rest_route=%2Fwp%2Fv2%2Fmedia&parent=499"}],"curies":[{"name":"wp","href":"https:\/\/api.w.org\/{rel}","templated":true}]}}